{"id":32853,"date":"2026-02-17T15:37:21","date_gmt":"2026-02-17T15:37:21","guid":{"rendered":"https:\/\/bellidoprop.cl\/?page_id=32853"},"modified":"2026-02-17T15:42:10","modified_gmt":"2026-02-17T15:42:10","slug":"quienes-somos","status":"publish","type":"page","link":"https:\/\/bellidoprop.cl\/index.php\/quienes-somos\/","title":{"rendered":"Qui\u00e9nes somos"},"content":{"rendered":"\t\t<div data-elementor-type=\"wp-page\" data-elementor-id=\"32853\" class=\"elementor elementor-32853\" data-elementor-post-type=\"page\">\n\t\t\t\t<div class=\"elementor-element elementor-element-da02f1e e-flex e-con-boxed e-con e-parent\" data-id=\"da02f1e\" data-element_type=\"container\">\n\t\t\t\t\t<div class=\"e-con-inner\">\n\t\t<div class=\"elementor-element elementor-element-df14004 e-con-full e-flex e-con e-child\" data-id=\"df14004\" data-element_type=\"container\">\n\t\t\t\t<div class=\"elementor-element elementor-element-a3df7a4 elementor-widget__width-auto elementor-widget elementor-widget-image\" data-id=\"a3df7a4\" data-element_type=\"widget\" data-widget_type=\"image.default\">\n\t\t\t\t<div class=\"elementor-widget-container\">\n\t\t\t\t\t\t\t\t\t\t\t\t\t\t\t<img decoding=\"async\" width=\"300\" height=\"89\" src=\"https:\/\/bellidoprop.cl\/wp-content\/uploads\/2025\/02\/logo_bellido.png\" class=\"attachment-large size-large wp-image-32026\" alt=\"\" \/>\t\t\t\t\t\t\t\t\t\t\t\t\t\t\t<\/div>\n\t\t\t\t<\/div>\n\t\t\t\t<\/div>\n\t\t<div class=\"elementor-element elementor-element-f16947e e-con-full e-flex e-con e-child\" data-id=\"f16947e\" data-element_type=\"container\">\n\t\t<div class=\"elementor-element elementor-element-0c25b04 e-con-full e-flex e-con e-child\" data-id=\"0c25b04\" data-element_type=\"container\">\n\t\t\t\t<div class=\"elementor-element elementor-element-463acdd elementor-widget elementor-widget-text-editor\" data-id=\"463acdd\" data-element_type=\"widget\" data-widget_type=\"text-editor.default\">\n\t\t\t\t<div class=\"elementor-widget-container\">\n\t\t\t\t\t\t\t\t\t<p>En el a\u00f1o 2009 y fruto de nuestra experiencia como Estudio Jur\u00eddico, nace&nbsp;<b>BELLIDO PROPIEDADES<\/b>, como un servicio de excelencia para asesorar a nuestros clientes en la tarea de&nbsp;<b>COMPRAR, VENDER O ARRENDAR PROPIEDADES<\/b>.<\/p><p><br><\/p>\t\t\t\t\t\t\t\t<\/div>\n\t\t\t\t<\/div>\n\t\t\t\t<div class=\"elementor-element elementor-element-706e57f elementor-widget elementor-widget-text-editor\" data-id=\"706e57f\" data-element_type=\"widget\" data-widget_type=\"text-editor.default\">\n\t\t\t\t<div class=\"elementor-widget-container\">\n\t\t\t\t\t\t\t\t\t<span style=\"color: #717171; font-family: Verdana, sans-serif; font-size: 15px; text-align: justify;\">Nuestro sello es asegurar una atenci\u00f3n siempre personalizada y directa, tiempo de calidad para sus atender sus consultas y requerimientos, y el respaldo de una asesor\u00eda jur\u00eddica experta a la gesti\u00f3n de los negocios que se nos encargan. Queremos que compre bien, que venda y reciba su dinero, o que quien le arriende sea una persona responsable, que cumpla con los compromisos asumidos.<\/span>\t\t\t\t\t\t\t\t<\/div>\n\t\t\t\t<\/div>\n\t\t\t\t<\/div>\n\t\t\t\t<\/div>\n\t\t\t\t\t<\/div>\n\t\t\t\t<\/div>\n\t\t<div class=\"elementor-element elementor-element-7590aca e-flex e-con-boxed e-con e-parent\" data-id=\"7590aca\" data-element_type=\"container\">\n\t\t\t\t\t<div class=\"e-con-inner\">\n\t\t<div class=\"elementor-element elementor-element-6d74641 e-con-full e-flex e-con e-child\" data-id=\"6d74641\" data-element_type=\"container\">\n\t\t<div class=\"elementor-element elementor-element-68a3722 e-con-full e-flex e-con e-child\" data-id=\"68a3722\" data-element_type=\"container\">\n\t\t\t\t<div class=\"elementor-element elementor-element-b4f60df elementor-widget elementor-widget-text-editor\" data-id=\"b4f60df\" data-element_type=\"widget\" data-widget_type=\"text-editor.default\">\n\t\t\t\t<div class=\"elementor-widget-container\">\n\t\t\t\t\t\t\t\t\t<p>Con la experiencia de un trabajo bien realizado, hemos fortalecido tambi\u00e9n el \u00e1rea de&nbsp;<b>ADMINISTRACI\u00d3N DE PROPIEDADES<\/b>, encarg\u00e1ndonos de todo lo relativo a la relaci\u00f3n con sus arrendadores, desde la b\u00fasqueda de los mejores candidatos posibles, la exhaustiva revisi\u00f3n de sus antecedentes, la redacci\u00f3n de buenos contratos, y en definitiva, dar respuesta a cualquier problema que se suscite con la propiedad a trav\u00e9s de nuestros maestros expertos (carpinteros, gasf\u00edter, electicos, pintores, etc.), todos probados y confiables.<\/p><p><br><\/p>\t\t\t\t\t\t\t\t<\/div>\n\t\t\t\t<\/div>\n\t\t\t\t<\/div>\n\t\t<div class=\"elementor-element elementor-element-4fb89a9 e-con-full e-flex e-con e-child\" data-id=\"4fb89a9\" data-element_type=\"container\">\n\t\t\t\t<div class=\"elementor-element elementor-element-ef86106 elementor-widget elementor-widget-text-editor\" data-id=\"ef86106\" data-element_type=\"widget\" data-widget_type=\"text-editor.default\">\n\t\t\t\t<div class=\"elementor-widget-container\">\n\t\t\t\t\t\t\t\t\t<p>En los \u00faltimos a\u00f1os hemos sumado a nuestra oferta servicios de\u00a0<b>TASACI\u00d3N DE PROPIEDADES, SUBDIVISI\u00d3N DE PREDIOS, SANEAMIENTO DE T\u00cdTULOS y REGULARIZACI\u00d3N DE CONSTRUCCIONES<\/b>, a trav\u00e9s de profesionales como peritos, top\u00f3grafos y arquitectos, de probada eficiencia y responsabilidad, y siempre con\u00a0<b>LAS MEJORES TARIFAS DEL MERCADO<\/b>.<\/p>\t\t\t\t\t\t\t\t<\/div>\n\t\t\t\t<\/div>\n\t\t\t\t<\/div>\n\t\t\t\t<\/div>\n\t\t<div class=\"elementor-element elementor-element-178bb7f e-con-full e-flex e-con e-child\" data-id=\"178bb7f\" data-element_type=\"container\">\n\t\t\t\t<div class=\"elementor-element elementor-element-c0557f8 elementor-widget elementor-widget-image\" data-id=\"c0557f8\" data-element_type=\"widget\" data-widget_type=\"image.default\">\n\t\t\t\t<div class=\"elementor-widget-container\">\n\t\t\t\t\t\t\t\t\t\t\t\t\t\t\t<img decoding=\"async\" width=\"80\" height=\"80\" src=\"https:\/\/bellidoprop.cl\/wp-content\/uploads\/2023\/11\/appraisal.svg\" class=\"attachment-large size-large wp-image-28787\" alt=\"\" \/>\t\t\t\t\t\t\t\t\t\t\t\t\t\t\t<\/div>\n\t\t\t\t<\/div>\n\t\t\t\t<\/div>\n\t\t\t\t\t<\/div>\n\t\t\t\t<\/div>\n\t\t<div class=\"elementor-element elementor-element-e18ce15 e-flex e-con-boxed e-con e-parent\" data-id=\"e18ce15\" data-element_type=\"container\">\n\t\t\t\t\t<div class=\"e-con-inner\">\n\t\t<div class=\"elementor-element elementor-element-388d28f e-con-full e-flex e-con e-child\" data-id=\"388d28f\" data-element_type=\"container\">\n\t\t\t\t<div class=\"elementor-element elementor-element-3bb5dc4 elementor-widget elementor-widget-google_maps\" data-id=\"3bb5dc4\" data-element_type=\"widget\" data-widget_type=\"google_maps.default\">\n\t\t\t\t<div class=\"elementor-widget-container\">\n\t\t\t\t\t\t\t<div class=\"elementor-custom-embed\">\n\t\t\t<iframe loading=\"lazy\"\n\t\t\t\t\tsrc=\"https:\/\/maps.google.com\/maps?q=%20O%E2%80%99higgins%20%23167.%20Puerto%20Montt.&#038;t=m&#038;z=14&#038;output=embed&#038;iwloc=near\"\n\t\t\t\t\ttitle=\" O\u2019higgins #167. Puerto Montt.\"\n\t\t\t\t\taria-label=\" O\u2019higgins #167. Puerto Montt.\"\n\t\t\t><\/iframe>\n\t\t<\/div>\n\t\t\t\t\t\t<\/div>\n\t\t\t\t<\/div>\n\t\t\t\t<\/div>\n\t\t<div class=\"elementor-element elementor-element-0c97625 e-con-full e-flex e-con e-child\" data-id=\"0c97625\" data-element_type=\"container\">\n\t\t<div class=\"elementor-element elementor-element-ecb96eb e-con-full e-flex e-con e-child\" data-id=\"ecb96eb\" data-element_type=\"container\">\n\t\t\t\t<div class=\"elementor-element elementor-element-dca7533 elementor-widget elementor-widget-text-editor\" data-id=\"dca7533\" data-element_type=\"widget\" data-widget_type=\"text-editor.default\">\n\t\t\t\t<div class=\"elementor-widget-container\">\n\t\t\t\t\t\t\t\t\t<p><b>BELLIDO PROPIEDADES<\/b>\u00a0tiene\u00a0<b>COBERTURA DIRECTA EN TODA LA PROVINCIA DE LLANQUIHUE<\/b>\u00a0(Puerto Montt, Puerto Varas, Frutilla, Llanquihue, Fresia, Muermos, Maullin, Calbuco, Cochamo), que se extiende a trav\u00e9s de corredores asociados a toda la Regi\u00f3n de Los Lagos.<\/p><p>\u00a0<\/p>\t\t\t\t\t\t\t\t<\/div>\n\t\t\t\t<\/div>\n\t\t\t\t<div class=\"elementor-element elementor-element-01c2886 elementor-widget elementor-widget-text-editor\" data-id=\"01c2886\" data-element_type=\"widget\" data-widget_type=\"text-editor.default\">\n\t\t\t\t<div class=\"elementor-widget-container\">\n\t\t\t\t\t\t\t\t\t<p>Somos una Empresa din\u00e1mica y joven, pero con basta experiencia, conformada por profesionales y expertos, dedicados a otorgar un servicio con los m\u00e1s altos est\u00e1ndares de calidad en nuestras diversas \u00e1reas de gesti\u00f3n.<\/p><p>Su propiedad con nosotros estar\u00e1 en las mejores manos, cont\u00e1ctenos y rel\u00e1jese,\u00a0<b>NOSOTROS HACEMOS EL RESTO<\/b>.<\/p>\t\t\t\t\t\t\t\t<\/div>\n\t\t\t\t<\/div>\n\t\t\t\t<\/div>\n\t\t\t\t<\/div>\n\t\t\t\t\t<\/div>\n\t\t\t\t<\/div>\n\t\t\t\t<\/div>\n\t\t","protected":false},"excerpt":{"rendered":"<p>En el a\u00f1o 2009 y fruto de nuestra experiencia como Estudio Jur\u00eddico, nace&nbsp;BELLIDO PROPIEDADES, como [&hellip;]<\/p>\n","protected":false},"author":4,"featured_media":0,"parent":0,"menu_order":0,"comment_status":"closed","ping_status":"closed","template":"","meta":{"footnotes":""},"class_list":["post-32853","page","type-page","status-publish","hentry"],"_links":{"self":[{"href":"https:\/\/bellidoprop.cl\/index.php\/wp-json\/wp\/v2\/pages\/32853","targetHints":{"allow":["GET"]}}],"collection":[{"href":"https:\/\/bellidoprop.cl\/index.php\/wp-json\/wp\/v2\/pages"}],"about":[{"href":"https:\/\/bellidoprop.cl\/index.php\/wp-json\/wp\/v2\/types\/page"}],"author":[{"embeddable":true,"href":"https:\/\/bellidoprop.cl\/index.php\/wp-json\/wp\/v2\/users\/4"}],"replies":[{"embeddable":true,"href":"https:\/\/bellidoprop.cl\/index.php\/wp-json\/wp\/v2\/comments?post=32853"}],"version-history":[{"count":4,"href":"https:\/\/bellidoprop.cl\/index.php\/wp-json\/wp\/v2\/pages\/32853\/revisions"}],"predecessor-version":[{"id":32859,"href":"https:\/\/bellidoprop.cl\/index.php\/wp-json\/wp\/v2\/pages\/32853\/revisions\/32859"}],"wp:attachment":[{"href":"https:\/\/bellidoprop.cl\/index.php\/wp-json\/wp\/v2\/media?parent=32853"}],"curies":[{"name":"wp","href":"https:\/\/api.w.org\/{rel}","templated":true}]}}